{"id":577,"date":"2025-10-09T13:45:37","date_gmt":"2025-10-09T11:45:37","guid":{"rendered":"https:\/\/webshopnicole.com\/index.php\/produkt\/the-born-of-aplex-2\/"},"modified":"2026-04-14T11:21:06","modified_gmt":"2026-04-14T09:21:06","slug":"pomiedzy-tarzniejszocia-a-bolem-ktory-trwa-szkola-i-ja","status":"publish","type":"product","link":"https:\/\/webshopnicole.com\/en\/product\/pomiedzy-tarzniejszocia-a-bolem-ktory-trwa-szkola-i-ja\/","title":{"rendered":"Between the present and the pain that lasts. SCHOOL and me"},"content":{"rendered":"<p>Poruszaj\u0105ca,<strong data-start=\"106\" data-end=\"182\"> szczera i pe\u0142na emocji opowie\u015b\u0107 o dorastaniu w cieniu l\u0119ku.<\/strong><br \/>\nTo historia dziewczyny, kt\u00f3ra dorasta\u0142a w \u015bwiecie, gdzie strach by\u0142 codzienno\u015bci\u0105, a relacje, zamiast dawa\u0107 oparcie, potrafi\u0142y rani\u0107.<br \/>\nSzko\u0142a, kt\u00f3ra mia\u0142a by\u0107 bezpiecznym miejscem, sta\u0142a si\u0119 \u017ar\u00f3d\u0142em g\u0142\u0119bokich blizn.<br \/>\nAle ta ksi\u0105\u017cka nie jest tylko o b\u00f3lu. To r\u00f3wnie\u017c opowie\u015b\u0107 o walce o przetrwanie, o zrozumienie,<br \/>\no odnalezienie w sobie si\u0142y, by mimo wszystkiego i\u015b\u0107 naprz\u00f3d.<br \/>\nThe author shows in a sincere and moving way how courage and the desire for freedom can be born out of chaos and suffering.<\/p>","protected":false},"excerpt":{"rendered":"<p><em>Dorasta\u0107 w \u015bwiecie pe\u0142nym l\u0119ku nie jest \u0142atwo, zw\u0142aszcza gdy miejsce, kt\u00f3re powinno chroni\u0107, rani najbardziej. <\/em><br \/>\n<em>Ta ksi\u0105\u017cka to opowie\u015b\u0107 o relacjach, kt\u00f3re rani\u0105, o bliznach, kt\u00f3re zostaj\u0105, i o wewn\u0119trznej sile potrzebnej, by i\u015b\u0107 dalej.<\/em><br \/>\n<em> Poruszaj\u0105ca, szczera i pe\u0142na emocji, pokazuje, \u017ce nawet w chaosie mo\u017cna odnale\u017a\u0107 siebie.<\/em><\/p>","protected":false},"featured_media":1477,"comment_status":"open","ping_status":"closed","template":"","meta":{"site-sidebar-layout":"default","site-content-layout":"default","ast-site-content-layout":"default","site-content-style":"default","site-sidebar-style":"default","ast-global-header-display":"","ast-banner-title-visibility":"","ast-main-header-display":"","ast-hfb-above-header-display":"","ast-hfb-below-header-display":"","ast-hfb-mobile-header-display":"","site-post-title":"","ast-breadcrumbs-content":"","ast-featured-img":"","footer-sml-layout":"","theme-transparent-header-meta":"default","adv-header-id-meta":"","stick-header-meta":"","header-above-stick-meta":"","header-main-stick-meta":"","header-below-stick-meta":"","astra-migrate-meta-layouts":"set","ast-page-background-enabled":"default","ast-page-background-meta":{"desktop":{"background-color":"","background-image":"","background-repeat":"repeat","background-position":"center center","background-size":"auto","background-attachment":"scroll","background-type":"","background-media":"","overlay-type":"","overlay-color":"","overlay-opacity":"","overlay-gradient":""},"tablet":{"background-color":"","background-image":"","background-repeat":"repeat","background-position":"center center","background-size":"auto","background-attachment":"scroll","background-type":"","background-media":"","overlay-type":"","overlay-color":"","overlay-opacity":"","overlay-gradient":""},"mobile":{"background-color":"","background-image":"","background-repeat":"repeat","background-position":"center center","background-size":"auto","background-attachment":"scroll","background-type":"","background-media":"","overlay-type":"","overlay-color":"","overlay-opacity":"","overlay-gradient":""}},"ast-content-background-meta":{"desktop":{"background-color":"var(--ast-global-color-5)","background-image":"","background-repeat":"repeat","background-position":"center center","background-size":"auto","background-attachment":"scroll","background-type":"","background-media":"","overlay-type":"","overlay-color":"","overlay-opacity":"","overlay-gradient":""},"tablet":{"background-color":"var(--ast-global-color-5)","background-image":"","background-repeat":"repeat","background-position":"center center","background-size":"auto","background-attachment":"scroll","background-type":"","background-media":"","overlay-type":"","overlay-color":"","overlay-opacity":"","overlay-gradient":""},"mobile":{"background-color":"var(--ast-global-color-5)","background-image":"","background-repeat":"repeat","background-position":"center center","background-size":"auto","background-attachment":"scroll","background-type":"","background-media":"","overlay-type":"","overlay-color":"","overlay-opacity":"","overlay-gradient":""}}},"product_brand":[],"product_cat":[35,36],"product_tag":[],"class_list":{"0":"post-577","1":"product","2":"type-product","3":"status-publish","4":"has-post-thumbnail","6":"product_cat-autobiografia","7":"product_cat-poradnik","8":"desktop-align-left","9":"tablet-align-left","10":"mobile-align-left","12":"first","13":"outofstock","14":"shipping-taxable","15":"purchasable","16":"product-type-simple"},"_links":{"self":[{"href":"https:\/\/webshopnicole.com\/en\/wp-json\/wp\/v2\/product\/577","targetHints":{"allow":["GET"]}}],"collection":[{"href":"https:\/\/webshopnicole.com\/en\/wp-json\/wp\/v2\/product"}],"about":[{"href":"https:\/\/webshopnicole.com\/en\/wp-json\/wp\/v2\/types\/product"}],"replies":[{"embeddable":true,"href":"https:\/\/webshopnicole.com\/en\/wp-json\/wp\/v2\/comments?post=577"}],"wp:featuredmedia":[{"embeddable":true,"href":"https:\/\/webshopnicole.com\/en\/wp-json\/wp\/v2\/media\/1477"}],"wp:attachment":[{"href":"https:\/\/webshopnicole.com\/en\/wp-json\/wp\/v2\/media?parent=577"}],"wp:term":[{"taxonomy":"product_brand","embeddable":true,"href":"https:\/\/webshopnicole.com\/en\/wp-json\/wp\/v2\/product_brand?post=577"},{"taxonomy":"product_cat","embeddable":true,"href":"https:\/\/webshopnicole.com\/en\/wp-json\/wp\/v2\/product_cat?post=577"},{"taxonomy":"product_tag","embeddable":true,"href":"https:\/\/webshopnicole.com\/en\/wp-json\/wp\/v2\/product_tag?post=577"}],"curies":[{"name":"wp","href":"https:\/\/api.w.org\/{rel}","templated":true}]}}